{"id":16962,"date":"2020-03-02T12:03:54","date_gmt":"2020-03-02T12:03:54","guid":{"rendered":"https:\/\/demo01.houzez.co\/?page_id=16962"},"modified":"2025-09-30T11:45:15","modified_gmt":"2025-09-30T11:45:15","slug":"immobilier-au-senegal","status":"publish","type":"page","link":"https:\/\/koffoimmobilier.com\/index.php\/immobilier-au-senegal\/","title":{"rendered":"Immobilier"},"content":{"rendered":"\t\t<div data-elementor-type=\"wp-page\" data-elementor-id=\"16962\" class=\"elementor elementor-16962\">\n\t\t\t\t\t\t<section class=\"elementor-section elementor-top-section elementor-element elementor-element-2e104e4f elementor-section-boxed elementor-section-height-default elementor-section-height-default\" data-id=\"2e104e4f\" data-element_type=\"section\" data-e-type=\"section\">\n\t\t\t\t\t\t<div class=\"elementor-container elementor-column-gap-no\">\n\t\t\t\t\t<div class=\"elementor-column elementor-col-100 elementor-top-column elementor-element elementor-element-49e7a5fe\" data-id=\"49e7a5fe\" data-element_type=\"column\" data-e-type=\"column\">\n\t\t\t<div class=\"elementor-widget-wrap elementor-element-populated\">\n\t\t\t\t\t\t<div class=\"elementor-element elementor-element-1ab4530a elementor-widget elementor-widget-houzez_elementor_page_title\" data-id=\"1ab4530a\" data-element_type=\"widget\" data-e-type=\"widget\" data-widget_type=\"houzez_elementor_page_title.default\">\n\t\t\t\t<div class=\"elementor-widget-container\">\n\t\t\t\t\t\n<div class=\"breadcrumb-wrap\" role=\"navigation\">\n\t<nav>\n\t\t<ol class=\"breadcrumb\"><li class=\"breadcrumb-item breadcrumb-item-home\"><i class=\"houzez-icon icon-house\"><\/i><a href=\"https:\/\/koffoimmobilier.com\/\">Accueil<\/a><\/li><li class=\"breadcrumb-item active\">Pages<\/li><\/ol>\t<\/nav>\n<\/div><!-- breadcrumb-wrap --> \n        <div class=\"d-flex align-items-center\">\n            <div class=\"page-title flex-grow-1\" role=\"heading\" aria-level=\"1\">\n\t<h1>Immobilier<\/h1>\n<\/div><!-- page-title -->\n \n        <\/div><!-- d-flex -->  \n        \t\t\t\t<\/div>\n\t\t\t\t<\/div>\n\t\t\t\t\t<\/div>\n\t\t<\/div>\n\t\t\t\t\t<\/div>\n\t\t<\/section>\n\t\t\t\t<section class=\"elementor-section elementor-top-section elementor-element elementor-element-7a12daf elementor-section-boxed elementor-section-height-default elementor-section-height-default\" data-id=\"7a12daf\" data-element_type=\"section\" data-e-type=\"section\">\n\t\t\t\t\t\t<div class=\"elementor-container elementor-column-gap-no\">\n\t\t\t\t\t<div class=\"elementor-column elementor-col-100 elementor-top-column elementor-element elementor-element-bea335e\" data-id=\"bea335e\" data-element_type=\"column\" data-e-type=\"column\">\n\t\t\t<div class=\"elementor-widget-wrap elementor-element-populated\">\n\t\t\t\t\t\t<section class=\"elementor-section elementor-inner-section elementor-element elementor-element-5aa0c34 elementor-section-boxed elementor-section-height-default elementor-section-height-default\" data-id=\"5aa0c34\" data-element_type=\"section\" data-e-type=\"section\">\n\t\t\t\t\t\t<div class=\"elementor-container elementor-column-gap-no\">\n\t\t\t\t\t<div class=\"elementor-column elementor-col-50 elementor-inner-column elementor-element elementor-element-4b4ec90\" data-id=\"4b4ec90\" data-element_type=\"column\" data-e-type=\"column\">\n\t\t\t<div class=\"elementor-widget-wrap elementor-element-populated\">\n\t\t\t\t\t\t<div class=\"elementor-element elementor-element-454d667 elementor-widget elementor-widget-houzez_elementor_listings_tabs\" data-id=\"454d667\" data-element_type=\"widget\" data-e-type=\"widget\" data-widget_type=\"houzez_elementor_listings_tabs.default\">\n\t\t\t\t<div class=\"elementor-widget-container\">\n\t\t\t\t\t\n        <div id=\"houzez-listings-tabs-wrap\" class=\"listing-tabs flex-grow-1\">\n            \n            <ul class=\"nav nav-tabs \">\n                \n                                <li class=\"nav-item\">\n                    <a class=\"nav-link active\" href=\"https:\/\/koffoimmobilier.com\/index.php\/immobilier-au-senegal\/\">\n                        Tout                    <\/a>\n                <\/li>\n                \n                \n                <li class=\"nav-item\">\n                                <a class=\"nav-link \" href=\"https:\/\/koffoimmobilier.com\/index.php\/immobilier-au-senegal\/?tab=for-rent&#038;tax=property_status\">\n                                    \n                                <\/a>\n                            <\/li><li class=\"nav-item\">\n                                <a class=\"nav-link \" href=\"https:\/\/koffoimmobilier.com\/index.php\/immobilier-au-senegal\/?tab=for-sale&#038;tax=property_status\">\n                                    \n                                <\/a>\n                            <\/li>                \n\n            <\/ul><!-- nav-tabs -->\n                \n        <\/div><!-- listing-tabs -->\n\n    \n    \t\t\t\t<\/div>\n\t\t\t\t<\/div>\n\t\t\t\t\t<\/div>\n\t\t<\/div>\n\t\t\t\t<div class=\"elementor-column elementor-col-50 elementor-inner-column elementor-element elementor-element-9146708\" data-id=\"9146708\" data-element_type=\"column\" data-e-type=\"column\">\n\t\t\t<div class=\"elementor-widget-wrap elementor-element-populated\">\n\t\t\t\t\t\t<div class=\"elementor-element elementor-element-321a2dd elementor-widget elementor-widget-houzez_elementor_sort_by\" data-id=\"321a2dd\" data-element_type=\"widget\" data-e-type=\"widget\" data-widget_type=\"houzez_elementor_sort_by.default\">\n\t\t\t\t<div class=\"elementor-widget-container\">\n\t\t\t\t\t        <div class=\"sort-by\">\n            <div class=\"d-flex align-items-center\">\n                <div class=\"sort-by-title\">\n                    Trier:                <\/div><!-- sort-by-title -->  \n                <select id=\"sort_properties\" class=\"selectpicker form-control bs-select-hidden\" title=\"Ordre par d\u00e9faut\" data-live-search=\"false\" data-dropdown-align-right=\"auto\">\n                    <option value=\"\">Ordre par d\u00e9faut<\/option>\n                    <option  value=\"a_price\">Price - Low to High<\/option>\n                    <option  value=\"d_price\">Price - High to Low<\/option>\n                    \n                    <option  value=\"featured_first\">Featured Listings First<\/option>\n                    \n                    <option  value=\"a_date\">Date - Old to New<\/option>\n                    <option  value=\"d_date\">Date - New to Old<\/option>\n                <\/select><!-- selectpicker -->\n            <\/div><!-- d-flex -->\n        <\/div><!-- sort-by -->\n        \t\t\t\t<\/div>\n\t\t\t\t<\/div>\n\t\t\t\t\t<\/div>\n\t\t<\/div>\n\t\t\t\t\t<\/div>\n\t\t<\/section>\n\t\t\t\t<div class=\"elementor-element elementor-element-8a2741f elementor-widget elementor-widget-houzez_elementor_property-card-v1\" data-id=\"8a2741f\" data-element_type=\"widget\" data-e-type=\"widget\" data-widget_type=\"houzez_elementor_property-card-v1.default\">\n\t\t\t\t<div class=\"elementor-widget-container\">\n\t\t\t\t\t    <div id=\"properties_module_section\" class=\"property-cards-module property-cards-module-v1 property-cards-module-col-2\">\n        <div id=\"module_properties\" class=\"listing-view grid-view row row-cols-1 row-cols-md-2 row-cols-lg-2 gy-4 gx-4\">\n            <div class=\"item-listing-wrap item-wrap-v1 hz-item-gallery-js hz-map-trigger\" data-hz-id=\"2803\" data-images=\"[{&quot;image&quot;:&quot;https:\\\/\\\/koffoimmobilier.com\\\/wp-content\\\/uploads\\\/2025\\\/09\\\/3-584x438.png&quot;,&quot;alt&quot;:&quot;&quot;,&quot;width&quot;:584,&quot;height&quot;:438,&quot;srcset&quot;:&quot;https:\\\/\\\/koffoimmobilier.com\\\/wp-content\\\/uploads\\\/2025\\\/09\\\/3-584x438.png 584w, https:\\\/\\\/koffoimmobilier.com\\\/wp-content\\\/uploads\\\/2025\\\/09\\\/3.png 1170w&quot;,&quot;sizes&quot;:&quot;(max-width: 584px) 100vw, 584px&quot;},{&quot;image&quot;:&quot;https:\\\/\\\/koffoimmobilier.com\\\/wp-content\\\/uploads\\\/2025\\\/09\\\/3-1-584x438.png&quot;,&quot;alt&quot;:&quot;&quot;,&quot;width&quot;:584,&quot;height&quot;:438,&quot;srcset&quot;:&quot;https:\\\/\\\/koffoimmobilier.com\\\/wp-content\\\/uploads\\\/2025\\\/09\\\/3-1-584x438.png 584w, https:\\\/\\\/koffoimmobilier.com\\\/wp-content\\\/uploads\\\/2025\\\/09\\\/3-1.png 1170w&quot;,&quot;sizes&quot;:&quot;(max-width: 584px) 100vw, 584px&quot;},{&quot;image&quot;:&quot;https:\\\/\\\/koffoimmobilier.com\\\/wp-content\\\/uploads\\\/2025\\\/09\\\/1-1-584x438.png&quot;,&quot;alt&quot;:&quot;&quot;,&quot;width&quot;:584,&quot;height&quot;:438,&quot;srcset&quot;:&quot;https:\\\/\\\/koffoimmobilier.com\\\/wp-content\\\/uploads\\\/2025\\\/09\\\/1-1-584x438.png 584w, https:\\\/\\\/koffoimmobilier.com\\\/wp-content\\\/uploads\\\/2025\\\/09\\\/1-1.png 1170w&quot;,&quot;sizes&quot;:&quot;(max-width: 584px) 100vw, 584px&quot;},{&quot;image&quot;:&quot;https:\\\/\\\/koffoimmobilier.com\\\/wp-content\\\/uploads\\\/2025\\\/09\\\/Koffo-site1-584x438.png&quot;,&quot;alt&quot;:&quot;&quot;,&quot;width&quot;:584,&quot;height&quot;:438,&quot;srcset&quot;:&quot;https:\\\/\\\/koffoimmobilier.com\\\/wp-content\\\/uploads\\\/2025\\\/09\\\/Koffo-site1-584x438.png 584w, https:\\\/\\\/koffoimmobilier.com\\\/wp-content\\\/uploads\\\/2025\\\/09\\\/Koffo-site1.png 1170w&quot;,&quot;sizes&quot;:&quot;(max-width: 584px) 100vw, 584px&quot;},{&quot;image&quot;:&quot;https:\\\/\\\/koffoimmobilier.com\\\/wp-content\\\/uploads\\\/2025\\\/09\\\/2-1-584x438.png&quot;,&quot;alt&quot;:&quot;&quot;,&quot;width&quot;:584,&quot;height&quot;:438,&quot;srcset&quot;:&quot;https:\\\/\\\/koffoimmobilier.com\\\/wp-content\\\/uploads\\\/2025\\\/09\\\/2-1-584x438.png 584w, https:\\\/\\\/koffoimmobilier.com\\\/wp-content\\\/uploads\\\/2025\\\/09\\\/2-1.png 1170w&quot;,&quot;sizes&quot;:&quot;(max-width: 584px) 100vw, 584px&quot;},{&quot;image&quot;:&quot;https:\\\/\\\/koffoimmobilier.com\\\/wp-content\\\/uploads\\\/2025\\\/09\\\/5-584x438.png&quot;,&quot;alt&quot;:&quot;&quot;,&quot;width&quot;:584,&quot;height&quot;:438,&quot;srcset&quot;:&quot;https:\\\/\\\/koffoimmobilier.com\\\/wp-content\\\/uploads\\\/2025\\\/09\\\/5-584x438.png 584w, https:\\\/\\\/koffoimmobilier.com\\\/wp-content\\\/uploads\\\/2025\\\/09\\\/5.png 1170w&quot;,&quot;sizes&quot;:&quot;(max-width: 584px) 100vw, 584px&quot;}]\">\n\t<div class=\"item-wrap item-wrap-no-frame h-100\">\n\t\t<div class=\"d-flex flex-column align-items-center h-100\">\n\t\t\t<div class=\"item-header\">\n\t\t\t\t<span class=\"label-featured label me-1\" role=\"status\">En vedette<\/span>\t\t\t\t<div class=\"labels-wrap d-flex align-items-center gap-1\" role=\"group\"> \n\n\t<a href=\"https:\/\/koffoimmobilier.com\/index.php\/status\/location-au-senegal\/\" class=\"label-status label status-color-32\">\n\t\t\t\t\t\u00c0 louer\n\t\t\t\t<\/a>       \n\n<\/div>\n\t\t\t\t<ul class=\"item-price-wrap d-flex flex-column gap-2\" role=\"list\">\n\t<li class=\"item-price\"><span class=\"price\">25 000 FCFA<\/span><span class=\"price-postfix\"><\/span><\/li><\/ul>\t\t\t\t<ul class=\"item-tools d-flex align-items-center justify-content-center gap-1\">\n        <li class=\"item-tool item-preview\">\n        <span class=\"hz-show-lightbox-js item-tool-preview text-center\" data-listid=\"2803\">\n            <span data-bs-toggle=\"tooltip\" data-bs-placement=\"top\" title=\"Aper\u00e7u\">\n                <i class=\"houzez-icon icon-expand-3\"><\/i>   \n            <\/span>\n        <\/span><!-- item-tool-favorite -->\n    <\/li><!-- item-tool -->\n        \n        <li class=\"item-tool item-favorite\">\n        <span class=\"add-favorite-js item-tool-favorite text-center\" data-bs-toggle=\"tooltip\" data-bs-placement=\"top\" title=\"Favori\" data-listid=\"2803\">\n            <i class=\"houzez-icon icon-love-it \"><\/i>\n        <\/span><!-- item-tool-favorite -->\n    <\/li><!-- item-tool -->\n    \n        <li class=\"item-tool item-compare\">\n        <span class=\"houzez_compare compare-2803 item-tool-compare text-center\" data-bs-toggle=\"tooltip\" data-bs-placement=\"top\" title=\"Ajouter au comparateur\" data-listing_id=\"2803\" data-listing_image=\"https:\/\/koffoimmobilier.com\/wp-content\/uploads\/2025\/09\/3-584x438.png\">\n            <i class=\"houzez-icon icon-add-circle\"><\/i>\n            <!-- <i class=\"houzez-icon icon-subtract-circle\"><\/i> -->\n        <\/span><!-- item-tool-compare -->\n    <\/li><!-- item-tool -->\n    <\/ul><!-- item-tools -->\n\t\t\t\t<div class=\"listing-image-wrap\">\n\t<div class=\"listing-thumb\">\n\t\t<a target=\"_self\" href=\"https:\/\/koffoimmobilier.com\/index.php\/property\/studio-meuble-a-dakar\/\" class=\"listing-featured-thumb hover-effect image-wrap\" role=\"link\">\n\t\t\t<img fetchpriority=\"high\" decoding=\"async\" width=\"584\" height=\"438\" src=\"https:\/\/koffoimmobilier.com\/wp-content\/uploads\/2025\/09\/3-584x438.png\" class=\"img-fluid wp-post-image\" alt=\"\" srcset=\"https:\/\/koffoimmobilier.com\/wp-content\/uploads\/2025\/09\/3-584x438.png 584w, https:\/\/koffoimmobilier.com\/wp-content\/uploads\/2025\/09\/3.png 1170w\" sizes=\"(max-width: 584px) 100vw, 584px\" \/>\t\t<\/a><!-- hover-effect -->\n\t<\/div>\n<\/div>\t\t\t\t<div class=\"preview_loader\"><\/div>\n\t\t\t<\/div>\n\t\t\t<div class=\"item-body w-100 flex-grow-1\">\n\t\t\t\t<h2 class=\"item-title mb-2 \">\n\t<a target=\"_self\" href=\"https:\/\/koffoimmobilier.com\/index.php\/property\/studio-meuble-a-dakar\/\" role=\"link\">Studio Meubl\u00e9 &#8220;Mareme&#8221;<\/a>\n<\/h2><!-- item-title -->\t\t\t\t<address class=\"item-address mb-2\"><i class=\"houzez-icon icon-pin me-1\" aria-hidden=\"true\"><\/i><span>Mosqu\u00e9e de Grand Mbao, Chemin de la plage Ab-Gokh, Commune de Mbao, Arrondissement de Thiaroye, D\u00e9partement de Pikine, R\u00e9gion de Dakar, 12500, S\u00e9n\u00e9gal<\/span><\/address>\t\t\t\t\t\t\t\t<ul class=\"item-amenities d-flex flex-wrap align-items-center gap-2 mb-2 item-amenities-with-icons\" role=\"list\">\n\t<li class=\"h-beds d-flex align-items-center me-1\"><i class=\"houzez-icon icon-hotel-double-bed-1 me-2\"><\/i><span class=\"item-amenities-text\">Lit:<\/span> <span class=\"hz-figure\">1<\/span><\/li><li class=\"h-baths d-flex align-items-center me-1\"><i class=\"houzez-icon icon-bathroom-shower-1 me-2\"><\/i><span class=\"item-amenities-text\">Thermes:<\/span> <span class=\"hz-figure\">2<\/span><\/li><li class=\"h-type d-flex w-100\" role=\"listitem\"><span>Courte Dur\u00e9e<\/span><\/li><\/ul>\t\t\t\t\t\t\t<\/div>\n\t\t\t\t\t<\/div>\n\t<\/div>\n<\/div>        <\/div><!-- listing-view -->\n\n            <\/div><!-- property-grid-module -->\n    \t\t\t\t<\/div>\n\t\t\t\t<\/div>\n\t\t\t\t<div class=\"elementor-element elementor-element-6a41932 elementor-widget elementor-widget-spacer\" data-id=\"6a41932\" data-element_type=\"widget\" data-e-type=\"widget\" data-widget_type=\"spacer.default\">\n\t\t\t\t\t\t\t<div class=\"elementor-spacer\">\n\t\t\t<div class=\"elementor-spacer-inner\"><\/div>\n\t\t<\/div>\n\t\t\t\t\t\t<\/div>\n\t\t\t\t\t<\/div>\n\t\t<\/div>\n\t\t\t\t\t<\/div>\n\t\t<\/section>\n\t\t\t\t<\/div>\n\t\t","protected":false},"excerpt":{"rendered":"<p>Accueil Pages Immobilier Tout Trier: Par d\u00e9fautPrix \u200b\u200bcroissantPrix d\u00e9croissantsEn vedettePlus anciennesPlus r\u00e9centes En vedette \u00c0 louer FCFA50 000 Studio Meubl\u00e9 &#8220;Mareme&#8221; Dakar, R\u00e9gion de Dakar, S\u00e9n\u00e9gal Bed: 1 Baths: 2 Courte Dur\u00e9e \u00c0 vendre FCFA670 000 FCFA6 500 sq ft Equestrian family home 4746 N Racine Ave, Chicago, IL 60640, USA Beds: 4 Baths: 2 [&hellip;]<\/p>\n","protected":false},"author":1,"featured_media":0,"parent":0,"menu_order":0,"comment_status":"closed","ping_status":"closed","template":"elementor_header_footer","meta":{"content-type":"","_monsterinsights_skip_tracking":false,"_monsterinsights_sitenote_active":false,"_monsterinsights_sitenote_note":"","_monsterinsights_sitenote_category":0,"footnotes":""},"class_list":["post-16962","page","type-page","status-publish","hentry"],"_links":{"self":[{"href":"https:\/\/koffoimmobilier.com\/index.php\/wp-json\/wp\/v2\/pages\/16962","targetHints":{"allow":["GET"]}}],"collection":[{"href":"https:\/\/koffoimmobilier.com\/index.php\/wp-json\/wp\/v2\/pages"}],"about":[{"href":"https:\/\/koffoimmobilier.com\/index.php\/wp-json\/wp\/v2\/types\/page"}],"author":[{"embeddable":true,"href":"https:\/\/koffoimmobilier.com\/index.php\/wp-json\/wp\/v2\/users\/1"}],"replies":[{"embeddable":true,"href":"https:\/\/koffoimmobilier.com\/index.php\/wp-json\/wp\/v2\/comments?post=16962"}],"version-history":[{"count":11,"href":"https:\/\/koffoimmobilier.com\/index.php\/wp-json\/wp\/v2\/pages\/16962\/revisions"}],"predecessor-version":[{"id":18243,"href":"https:\/\/koffoimmobilier.com\/index.php\/wp-json\/wp\/v2\/pages\/16962\/revisions\/18243"}],"wp:attachment":[{"href":"https:\/\/koffoimmobilier.com\/index.php\/wp-json\/wp\/v2\/media?parent=16962"}],"curies":[{"name":"wp","href":"https:\/\/api.w.org\/{rel}","templated":true}]}}