{"id":17149,"date":"2020-03-02T23:33:27","date_gmt":"2020-03-02T23:33:27","guid":{"rendered":"https:\/\/demo01.houzez.co\/?page_id=17149"},"modified":"2025-09-30T11:09:06","modified_gmt":"2025-09-30T11:09:06","slug":"formulaire-de-demande-koffo-immo","status":"publish","type":"page","link":"https:\/\/koffoimmobilier.com\/index.php\/formulaire-de-demande-koffo-immo\/","title":{"rendered":"Collaboration"},"content":{"rendered":"\t\t<div data-elementor-type=\"wp-page\" data-elementor-id=\"17149\" class=\"elementor elementor-17149\">\n\t\t\t\t\t\t<section class=\"elementor-section elementor-top-section elementor-element elementor-element-5ec2734 elementor-section-boxed elementor-section-height-default elementor-section-height-default\" data-id=\"5ec2734\" data-element_type=\"section\" data-e-type=\"section\">\n\t\t\t\t\t\t<div class=\"elementor-container elementor-column-gap-default\">\n\t\t\t\t\t<div class=\"elementor-column elementor-col-100 elementor-top-column elementor-element elementor-element-e1bd41f\" data-id=\"e1bd41f\" data-element_type=\"column\" data-e-type=\"column\">\n\t\t\t<div class=\"elementor-widget-wrap elementor-element-populated\">\n\t\t\t\t\t\t<div class=\"elementor-element elementor-element-49cbafe elementor-widget elementor-widget-houzez_elementor_space\" data-id=\"49cbafe\" data-element_type=\"widget\" data-e-type=\"widget\" data-widget_type=\"houzez_elementor_space.default\">\n\t\t\t\t<div class=\"elementor-widget-container\">\n\t\t\t\t\t        <div class=\"houzez-spacer\">\n            <div class=\"houzez-spacer-inner\"><\/div>\n        <\/div>\n        \t\t\t\t<\/div>\n\t\t\t\t<\/div>\n\t\t\t\t<section class=\"elementor-section elementor-inner-section elementor-element elementor-element-6efd58c animated-slow elementor-section-boxed elementor-section-height-default elementor-section-height-default elementor-invisible\" data-id=\"6efd58c\" data-element_type=\"section\" data-e-type=\"section\" data-settings=\"{&quot;background_background&quot;:&quot;classic&quot;,&quot;animation&quot;:&quot;fadeIn&quot;}\">\n\t\t\t\t\t\t<div class=\"elementor-container elementor-column-gap-no\">\n\t\t\t\t\t<div class=\"elementor-column elementor-col-100 elementor-inner-column elementor-element elementor-element-856004d\" data-id=\"856004d\" data-element_type=\"column\" data-e-type=\"column\">\n\t\t\t<div class=\"elementor-widget-wrap elementor-element-populated\">\n\t\t\t\t\t\t<div class=\"elementor-element elementor-element-8ff1404 elementor-widget elementor-widget-text-editor\" data-id=\"8ff1404\" data-element_type=\"widget\" data-e-type=\"widget\" data-widget_type=\"text-editor.default\">\n\t\t\t\t\t\t\t\t\t<h3><span class=\"Y2IQFc\" lang=\"fr\">Formulaire de demande<\/span><\/h3><p>Nous remercions votre int\u00e9r\u00eat pour une collaboration avec <strong data-start=\"333\" data-end=\"353\">Koffo Immobilier<\/strong>.<br data-start=\"354\" data-end=\"357\" \/>Merci de remplir ce formulaire avec soin afin que nous puissions mieux comprendre vos besoins et objectifs.<\/p>\t\t\t\t\t\t\t\t<\/div>\n\t\t\t\t<div class=\"elementor-element elementor-element-42f882c elementor-button-align-stretch elementor-widget elementor-widget-houzez_elementor_inquiry_form\" data-id=\"42f882c\" data-element_type=\"widget\" data-e-type=\"widget\" data-widget_type=\"houzez_elementor_inquiry_form.default\">\n\t\t\t\t<div class=\"elementor-widget-container\">\n\t\t\t\t\t\n        <script type=\"application\/javascript\">\n            jQuery(document).bind(\"ready\", function () {\n                houzezValidateElementor(\"#houzez-form-42f882c\" );\n            });\n        <\/script>\n\n\n        <form class=\"elementor-form houzez-ele-form-js\" id=\"houzez-form-42f882c\" method=\"post\" name=\"New Form\" action=\"https:\/\/koffoimmobilier.com\/wp-admin\/admin-ajax.php\">\n            <input type=\"hidden\" name=\"form_id\" value=\"42f882c\"\/>\n            <input type=\"hidden\" name=\"action\" value=\"houzez_ele_inquiry_form\" \/>\n            <input type=\"hidden\" name=\"source_link\" value=\"https:\/\/koffoimmobilier.com\/index.php\/formulaire-de-demande-koffo-immo\/\" \/>\n            <input type=\"hidden\" name=\"lead_page_id\" value=\"17149\" \/>\n            <input type=\"hidden\" name=\"is_estimation\" value=\"yes\" \/>\n            <input type=\"hidden\" name=\"webhook\" value=\"false\" \/>\n            <input type=\"hidden\" name=\"webhook_url\" value=\"\" \/>\n            <input type=\"hidden\" name=\"redirect_to\" value=\"\" \/>\n            <input type=\"hidden\" name=\"email_subject\" value=\"Demande officielle de collaboration avec Koffo Immobilier\" \/>\n            <input type=\"hidden\" name=\"google_recaptcha\" value=\"yes\" \/>\n\n            <div class=\"elementor-form-fields-wrapper elementor-labels-above\">\n\n                                    <div class=\"elementor-field-group elementor-column form-group elementor-field-group-ba6c34c elementor-col-100 elementor-field-required\">\n                    <label for=\"form-field-ba6c34c\" class=\"form-label elementor-field-label\">Type de demande<\/label>        <div class=\"elementor-field elementor-select-wrapper\">\n            <select name=\"enquiry_type\" id=\"form-field-ba6c34c\" class=\"elementor-field-textual form-control elementor-size-md\" required=\"required\" title=\"* Type de demande\">\n                <option value=\"\">Select<\/option><option value=\"Achat\">Achat<\/value><option value=\"Louer\"> Louer<\/value><option value=\"Vendre\"> Vendre<\/value><option value=\"Manquer\"> Manquer<\/value><option value=\"\u00c9valuation\"> \u00c9valuation<\/value><option value=\"Hypoth\u00e8que\"> Hypoth\u00e8que<\/value>            <\/select>\n        <\/div>\n                            <\/div>\n\n                                        <div class=\"elementor-field-group elementor-column form-group elementor-field-group-b7fe77d elementor-col-100 elementor-field-required\">\n                    <label for=\"form-field-b7fe77d\" class=\"form-label elementor-field-label\">Information<\/label>        <div class=\"elementor-field elementor-select-wrapper\">\n            <select name=\"user_type\" id=\"form-field-b7fe77d\" class=\"elementor-field-textual form-control elementor-size-md\" required=\"required\" title=\"* Information\">\n                <option value=\"\">Je suis..<\/option><option value=\"I&#039;m a real estate agent\">I&#039;m a real estate agent<\/option><option value=\"I&#039;m a property owner\">I&#039;m a property owner<\/option>            <\/select>\n        <\/div>\n                            <\/div>\n\n                                        <div class=\"elementor-field-group elementor-column form-group elementor-field-group-cc6b92f elementor-col-50 elementor-field-required\">\n                    <input type=\"text\" name=\"first_name\" id=\"form-field-cc6b92f\" class=\"elementor-field form-control elementor-size-md elementor-field-textual\" placeholder=\"Pr\u00e9nom\" title=\"* Pr\u00e9nom\" required=\"required\">                    <\/div>\n\n                                        <div class=\"elementor-field-group elementor-column form-group elementor-field-group-3cc124e elementor-col-50\">\n                    <input type=\"text\" name=\"last_name\" id=\"form-field-3cc124e\" class=\"elementor-field form-control elementor-size-md elementor-field-textual\" placeholder=\"Nom\" title=\"* Nom\">                    <\/div>\n\n                                        <div class=\"elementor-field-group elementor-column form-group elementor-field-group-932d82c elementor-col-50 elementor-field-required\">\n                    <input type=\"email\" name=\"email\" id=\"form-field-932d82c\" class=\"elementor-field form-control elementor-size-md elementor-field-textual\" placeholder=\"Email \" title=\"* Email \" required=\"required\">                    <\/div>\n\n                                        <div class=\"elementor-field-group elementor-column form-group elementor-field-group-304b68f elementor-col-50 elementor-field-required\">\n                    <input type=\"text\" name=\"mobile\" id=\"form-field-304b68f\" class=\"elementor-field form-control elementor-size-md elementor-field-textual\" placeholder=\"Num\u00e9ro\" title=\"* Num\u00e9ro\" required=\"required\">                    <\/div>\n\n                                        <div class=\"elementor-field-group elementor-column form-group elementor-field-group-bf1d035 elementor-col-50 elementor-field-required\">\n                    <label for=\"form-field-bf1d035\" class=\"form-label elementor-field-label\">Location<\/label>        <div class=\"elementor-field elementor-select-wrapper\">\n            <select name=\"e_meta[city]\" id=\"form-field-bf1d035\" class=\"elementor-field-textual form-control elementor-size-md\" required=\"required\" title=\"* Location\">\n                <option value=\"\">S\u00e9lectionnez la ville<\/option><option data-ref=\"appartement-a-dakar\" data-belong=\"region-de-dakar\" value=\"appartement-a-dakar\"> Dakar<\/option><option data-ref=\"appartement-a-guediawaye\" data-belong=\"region-de-dakar\" value=\"appartement-a-guediawaye\"> Gu\u00e9diawaye<\/option><option data-ref=\"appartement-a-keur-massar\" data-belong=\"region-de-dakar\" value=\"appartement-a-keur-massar\"> Keur Massar<\/option><option data-ref=\"appartement-a-pikine\" data-belong=\"region-de-dakar\" value=\"appartement-a-pikine\"> Pikine<\/option><option data-ref=\"appartement-a-rufisque\" data-belong=\"region-de-dakar\" value=\"appartement-a-rufisque\"> Rufisque<\/option><option data-ref=\"appartement-a-thies\" data-belong=\"region-de-thies\" value=\"appartement-a-thies\"> Thi\u00e8s<\/option>            <\/select>\n        <\/div>\n                            <\/div>\n\n                                        <div class=\"elementor-field-group elementor-column form-group elementor-field-group-28a8adb elementor-col-50 elementor-field-required\">\n                    <label for=\"form-field-28a8adb\" class=\"form-label elementor-field-label\">&nbsp;<\/label>        <div class=\"elementor-field elementor-select-wrapper\">\n            <select name=\"e_meta[country]\" id=\"form-field-28a8adb\" class=\"elementor-field-textual form-control elementor-size-md\" required=\"required\" title=\"* Pays\">\n                <option value=\"\">Pays<\/option><option data-ref=\"immobilier-au-senegal\" value=\"immobilier-au-senegal\"> S\u00e9n\u00e9gal<\/option>            <\/select>\n        <\/div>\n                            <\/div>\n\n                                        <div class=\"elementor-field-group elementor-column form-group elementor-field-group-d2cd125 elementor-col-100 elementor-field-required\">\n                    <label for=\"form-field-d2cd125\" class=\"form-label elementor-field-label\">&nbsp;<\/label>        <div class=\"elementor-field elementor-select-wrapper\">\n            <select name=\"e_meta[state]\" id=\"form-field-d2cd125\" class=\"elementor-field-textual form-control elementor-size-md\" required=\"required\" title=\"* Zone\">\n                <option value=\"\">Zone<\/option><option data-ref=\"region-de-dakar\" data-belong=\"immobilier-au-senegal\" value=\"region-de-dakar\"> R\u00e9gion de Dakar<\/option><option data-ref=\"region-de-kaolack\" data-belong=\"immobilier-au-senegal\" value=\"region-de-kaolack\"> R\u00e9gion de Kaolack<\/option><option data-ref=\"region-de-saint-louis\" data-belong=\"immobilier-au-senegal\" value=\"region-de-saint-louis\"> R\u00e9gion de Saint-Louis<\/option><option data-ref=\"region-de-thies\" data-belong=\"immobilier-au-senegal\" value=\"region-de-thies\"> R\u00e9gion de Thi\u00e8s<\/option>            <\/select>\n        <\/div>\n                            <\/div>\n\n                                        <div class=\"elementor-field-group elementor-column form-group elementor-field-group-3180222 elementor-col-100 elementor-field-required\">\n                    <label for=\"form-field-3180222\" class=\"form-label elementor-field-label\">Propri\u00e9t\u00e9<\/label>        <div class=\"elementor-field elementor-select-wrapper\">\n            <select name=\"e_meta[property_type]\" id=\"form-field-3180222\" class=\"elementor-field-textual form-control elementor-size-md\" required=\"required\" title=\"* Propri\u00e9t\u00e9\">\n                <option value=\"\">S\u00e9lectionnez le type<\/option><option value=\"courte-duree\"> Courte Dur\u00e9e<\/option><option value=\"long-sejour\"> Long S\u00e9jour<\/option><option value=\"maisons-a-vendre-au-senegal\"> Maisons<\/option><option value=\"des-studios-au-senegal\"> Studios<\/option><option value=\"terrains-a-vendre-au-senegal\"> Terrains<\/option><option value=\"villas-au-senegal\"> Villas<\/option>            <\/select>\n        <\/div>\n                            <\/div>\n\n                                        <div class=\"elementor-field-group elementor-column form-group elementor-field-group-66cc0de elementor-col-50 elementor-field-required\">\n                    <input type=\"number\" name=\"e_meta[beds]\" id=\"form-field-66cc0de\" class=\"elementor-field form-control elementor-size-md elementor-field-textual\" placeholder=\"Nombre de chambre\" title=\"* Nombre de chambre\" required=\"required\" min=\"0\">                    <\/div>\n\n                                        <div class=\"elementor-field-group elementor-column form-group elementor-field-group-dea086f elementor-col-50 elementor-field-required\">\n                    <input type=\"number\" name=\"e_meta[baths]\" id=\"form-field-dea086f\" class=\"elementor-field form-control elementor-size-md elementor-field-textual\" placeholder=\"Nombre de salle de bain\" title=\"* Nombre de salle de bain\" required=\"required\" min=\"0\">                    <\/div>\n\n                                        <div class=\"elementor-field-group elementor-column form-group elementor-field-group-95c61a9 elementor-col-100\">\n                    <label for=\"form-field-95c61a9\" class=\"form-label elementor-field-label\">Message<\/label><textarea class=\"elementor-field-textual elementor-field elementor-size-md\" name=\"message\" id=\"form-field-95c61a9\" rows=\"4\"><\/textarea>                    <\/div>\n\n                    \n                    \n                                        <div class=\"form-group elementor-field-group elementor-col-100\">\n                        <label class=\"control control--checkbox m-0 \">\n                                                        <input required type=\"checkbox\" name=\"gdpr_agreement\" id=\"gdpr_agreement\" aria-required=\"true\">\n                            <span class=\"control__indicator\"><\/span>\n                                                        <div class=\"gdpr-text-wrap\">\n                            J\u2019accepte les conditions g\u00e9n\u00e9rales et la politique de confidentialit\u00e9 de Koffo Immobilier.                            <\/div>\n                            \n                        <\/label>\n                    <\/div><!-- form-group -->\n                    \n                    \n                                        <div class=\"\">\n                                            <\/div>\n                    \n                    <div class=\"elementor-field-group elementor-column elementor-field-type-submit elementor-col-100\">\n                    <button type=\"submit\" class=\"houzez-submit-button houzez-contact-form-js elementor-button elementor-size-md\">\n                        <i class=\"houzez-loader-js houzez-hidden spinner-border spinner-border-sm\"><\/i>\n                                                    Envoyer                                            <\/button>\n                <\/div>\n            <\/div><!-- End wrapper-->\n            <br\/>\n            <div class=\"ele-form-messages\"><\/div>\n            <div class=\"error-container\"><\/div>\n\n        <\/form>\n\n    \t\t\t\t<\/div>\n\t\t\t\t<\/div>\n\t\t\t\t\t<\/div>\n\t\t<\/div>\n\t\t\t\t\t<\/div>\n\t\t<\/section>\n\t\t\t\t<div class=\"elementor-element elementor-element-eb5dd10 elementor-widget elementor-widget-spacer\" data-id=\"eb5dd10\" data-element_type=\"widget\" data-e-type=\"widget\" data-widget_type=\"spacer.default\">\n\t\t\t\t\t\t\t<div class=\"elementor-spacer\">\n\t\t\t<div class=\"elementor-spacer-inner\"><\/div>\n\t\t<\/div>\n\t\t\t\t\t\t<\/div>\n\t\t\t\t\t<\/div>\n\t\t<\/div>\n\t\t\t\t\t<\/div>\n\t\t<\/section>\n\t\t\t\t<\/div>\n\t\t","protected":false},"excerpt":{"rendered":"<p>Formulaire de demande Nous remercions votre int\u00e9r\u00eat pour une collaboration avec Koffo Immobilier.Merci de remplir ce formulaire avec soin afin que nous puissions mieux comprendre vos besoins et objectifs. Type de demande SelectPurchase Rent Sell Miss Evaluation Mortgage Information Je suis..I&#039;m a real estate agentI&#039;m a property owner Location S\u00e9lectionnez la ville Dakar Gu\u00e9diawaye Keur [&hellip;]<\/p>\n","protected":false},"author":1,"featured_media":0,"parent":0,"menu_order":0,"comment_status":"closed","ping_status":"closed","template":"template\/template-homepage.php","meta":{"content-type":"","_monsterinsights_skip_tracking":false,"_monsterinsights_sitenote_active":false,"_monsterinsights_sitenote_note":"","_monsterinsights_sitenote_category":0,"footnotes":""},"class_list":["post-17149","page","type-page","status-publish","hentry"],"_links":{"self":[{"href":"https:\/\/koffoimmobilier.com\/index.php\/wp-json\/wp\/v2\/pages\/17149","targetHints":{"allow":["GET"]}}],"collection":[{"href":"https:\/\/koffoimmobilier.com\/index.php\/wp-json\/wp\/v2\/pages"}],"about":[{"href":"https:\/\/koffoimmobilier.com\/index.php\/wp-json\/wp\/v2\/types\/page"}],"author":[{"embeddable":true,"href":"https:\/\/koffoimmobilier.com\/index.php\/wp-json\/wp\/v2\/users\/1"}],"replies":[{"embeddable":true,"href":"https:\/\/koffoimmobilier.com\/index.php\/wp-json\/wp\/v2\/comments?post=17149"}],"version-history":[{"count":5,"href":"https:\/\/koffoimmobilier.com\/index.php\/wp-json\/wp\/v2\/pages\/17149\/revisions"}],"predecessor-version":[{"id":18228,"href":"https:\/\/koffoimmobilier.com\/index.php\/wp-json\/wp\/v2\/pages\/17149\/revisions\/18228"}],"wp:attachment":[{"href":"https:\/\/koffoimmobilier.com\/index.php\/wp-json\/wp\/v2\/media?parent=17149"}],"curies":[{"name":"wp","href":"https:\/\/api.w.org\/{rel}","templated":true}]}}